{"id":384,"date":"2021-03-08T12:23:08","date_gmt":"2021-03-08T11:23:08","guid":{"rendered":"http:\/\/www.pcpr.powiat-skierniewice.pl\/?page_id=384"},"modified":"2025-03-20T12:26:23","modified_gmt":"2025-03-20T11:26:23","slug":"deklaracja-dostepnosci","status":"publish","type":"page","link":"http:\/\/www.pcpr.powiat-skierniewice.pl\/index.php\/deklaracja-dostepnosci\/","title":{"rendered":"Deklaracja dost\u0119pno\u015bci"},"content":{"rendered":"<p>Powiatowe Centrum Pomocy Rodzinie w Skierniewicach zobowi\u0105zuje si\u0119 zapewni\u0107 dost\u0119pno\u015b\u0107 swojej strony internetowej zgodnie z ustaw\u0105 z dnia 4 kwietnia 2019 r. o dost\u0119pno\u015bci cyfrowej stron internetowych i aplikacji mobilnych podmiot\u00f3w publicznych. O\u015bwiadczenie w sprawie dost\u0119pno\u015bci ma zastosowanie do strony internetowej Powiatowego Centrum Pomocy Rodzinie w Skierniewicach, dost\u0119pnej pod adresem internetowym: <a href=\"http:\/\/www.pcpr.powiat-skierniewice.pl\/\">http:\/\/www.pcpr.powiat-skierniewice.pl\/<\/a>.<\/p>\n<p><strong>Data publikacji strony internetowej:<\/strong> 11.02.2021<br \/>\n<strong>Data ostatniej aktualizacji:<\/strong> 24 stycznia 2025<\/p>\n<p>Strona internetowa jest cz\u0119\u015bciowo zgodna z ustaw\u0105 o dost\u0119pno\u015bci cyfrowej stron internetowych i aplikacji mobilnych podmiot\u00f3w publicznych.<br \/>\nDeklaracj\u0119 sporz\u0105dzono na podstawie samooceny.<br \/>\nWyniki samooceny lub audytu podmiotu zewn\u0119trznego: <strong>[<a href=\"https:\/\/wave.webaim.org\/report#\/http:\/\/www.pcpr.powiat-skierniewice.pl\/\">Zobacz raport<\/a>]<\/strong>.<\/p>\n<p><strong>Data sporz\u0105dzenia o\u015bwiadczenia:<\/strong> 2021-03-08<\/p>\n<p>Deklaracj\u0119 sporz\u0105dzono na podstawie samooceny przeprowadzonej przez podmiot publiczny.<br \/>\nNa stronie internetowej mo\u017cna korzysta\u0107 ze standardowych skr\u00f3t\u00f3w klawiaturowych.<\/p>\n<div>\n<hr \/>\n<\/div>\n<h2><strong>Informacje zwrotne i dane kontaktowe<\/strong><\/h2>\n<p>W przypadku problem\u00f3w z dost\u0119pno\u015bci\u0105 cyfrow\u0105 dla os\u00f3b niepe\u0142nosprawnych strony internetowej prosimy o kontakt.<br \/>\n<strong>Osoba odpowiedzialna:<\/strong> Ewa Modzelewska-Sasin<br \/>\n<strong>Adres e-mail:<\/strong> <a>pcpr@powiat-skierniewice.pl<\/a><br \/>\n<strong>Tel.\/fax:<\/strong> 046 834 59 47; 046 833 45 14<\/p>\n<p>T\u0105 sam\u0105 drog\u0105 mo\u017cna sk\u0142ada\u0107 wnioski o udost\u0119pnienie informacji niedost\u0119pnej oraz sk\u0142ada\u0107 skargi na brak zapewnienia dost\u0119pno\u015bci.<br \/>\nKa\u017cdy ma prawo do wyst\u0105pienia z \u017c\u0105daniem zapewnienia dost\u0119pno\u015bci cyfrowej strony internetowej, aplikacji mobilnej lub jakiego\u015b ich elementu. Mo\u017cna tak\u017ce za\u017c\u0105da\u0107 udost\u0119pnienia informacji w formach alternatywnych, na przyk\u0142ad odczytanie niedost\u0119pnego cyfrowo dokumentu, opisania zawarto\u015bci filmu bez audiodeskrypcji itp.<\/p>\n<p>Podmiot publiczny powinien zrealizowa\u0107 \u017c\u0105danie niezw\u0142ocznie i nie p\u00f3\u017aniej ni\u017c w ci\u0105gu 7 dni. Je\u015bli dotrzymanie tego terminu nie jest mo\u017cliwe, podmiot publiczny niezw\u0142ocznie informuje o tym, kiedy realizacja \u017c\u0105dania b\u0119dzie mo\u017cliwa, przy czym termin ten nie mo\u017ce by\u0107 d\u0142u\u017cszy ni\u017c 2 miesi\u0105ce. Je\u015bli zapewnienie dost\u0119pno\u015bci nie jest mo\u017cliwe, podmiot publiczny mo\u017ce zaproponowa\u0107 alternatywny spos\u00f3b dost\u0119pu do informacji.<\/p>\n<p>W przypadku, gdy podmiot odm\u00f3wi realizacji \u017c\u0105dania zapewnienia dost\u0119pno\u015bci lub alternatywnego dost\u0119pu do informacji, mo\u017cna z\u0142o\u017cy\u0107 skarg\u0119 na takie dzia\u0142anie.<br \/>\nPo wyczerpaniu wszystkich mo\u017cliwo\u015bci skarg\u0119 mo\u017cna przes\u0142a\u0107 tak\u017ce do <strong>Rzecznika Praw Obywatelskich<\/strong>: <a href=\"https:\/\/www.rpo.gov.pl\/pl\">https:\/\/www.rpo.gov.pl\/pl<\/a>.<\/p>\n<div>\n<hr \/>\n<\/div>\n<h2><strong>Dost\u0119pno\u015b\u0107 architektoniczna<\/strong><\/h2>\n<p>Budynek Powiatowego Centrum Pomocy Rodzinie w Skierniewicach mie\u015bci si\u0119 przy ul. Konstytucji 3 Maja 6. Budynek jest dost\u0119pny dla os\u00f3b z niepe\u0142nosprawno\u015bci\u0105.<\/p>\n<ul data-spread=\"false\">\n<li>Wst\u0119p do budynku dla os\u00f3b z niepe\u0142nosprawno\u015bci\u0105 mo\u017cliwy jest wej\u015bciem od strony dziedzi\u0144ca budynku, bezpo\u015brednio z poziomu, bezpo\u015brednio do windy z systemem g\u0142o\u015bnom\u00f3wi\u0105cym i wizualnym.<\/li>\n<li>Toaleta dla os\u00f3b z niepe\u0142nosprawno\u015bci\u0105 ruchow\u0105 znajduje si\u0119 na parterze budynku.<\/li>\n<li>Istnieje mo\u017cliwo\u015b\u0107 um\u00f3wienia spotkania z klientem na parterze budynku.<\/li>\n<li>Usytuowanie budynku w centrum Skierniewic umo\u017cliwia dost\u0119p \u015brodkami komunikacji publicznej lub korzystanie z parking\u00f3w og\u00f3lnodost\u0119pnych z dedykowanymi miejscami dla os\u00f3b z niepe\u0142nosprawno\u015bci\u0105.<\/li>\n<\/ul>\n<div>\n<hr \/>\n<\/div>\n<h2><strong>Dost\u0119pno\u015b\u0107 t\u0142umacza j\u0119zyka migowego<\/strong><\/h2>\n<p>Podmiot nie zapewnia us\u0142ug t\u0142umacza j\u0119zyka migowego.<br \/>\nW przypadku potrzeby skorzystania z takiej us\u0142ugi, prosimy o wcze\u015bniejsze zg\u0142oszenie potrzeby drog\u0105 elektroniczn\u0105 lub telefoniczn\u0105.<\/p>\n<div>\n<hr \/>\n<\/div>\n<p>Deklaracja dost\u0119pno\u015bci jest na bie\u017c\u0105co aktualizowana, a wszelkie zmiany w zakresie dost\u0119pno\u015bci s\u0105 uwzgl\u0119dniane w kolejnych edycjach dokumentu.<\/p>\n<p>&nbsp;<\/p>\n","protected":false},"excerpt":{"rendered":"<p>Powiatowe Centrum Pomocy Rodzinie w Skierniewicach zobowi\u0105zuje si\u0119 zapewni\u0107 dost\u0119pno\u015b\u0107 swojej strony internetowej zgodnie z ustaw\u0105 z dnia 4 kwietnia 2019 r. o dost\u0119pno\u015bci cyfrowej stron internetowych i aplikacji mobilnych [&hellip;]<\/p>\n","protected":false},"author":1,"featured_media":0,"parent":0,"menu_order":0,"comment_status":"closed","ping_status":"closed","template":"","meta":{"footnotes":""},"class_list":["post-384","page","type-page","status-publish","hentry","clearfix"],"_links":{"self":[{"href":"http:\/\/www.pcpr.powiat-skierniewice.pl\/index.php\/wp-json\/wp\/v2\/pages\/384","targetHints":{"allow":["GET"]}}],"collection":[{"href":"http:\/\/www.pcpr.powiat-skierniewice.pl\/index.php\/wp-json\/wp\/v2\/pages"}],"about":[{"href":"http:\/\/www.pcpr.powiat-skierniewice.pl\/index.php\/wp-json\/wp\/v2\/types\/page"}],"author":[{"embeddable":true,"href":"http:\/\/www.pcpr.powiat-skierniewice.pl\/index.php\/wp-json\/wp\/v2\/users\/1"}],"replies":[{"embeddable":true,"href":"http:\/\/www.pcpr.powiat-skierniewice.pl\/index.php\/wp-json\/wp\/v2\/comments?post=384"}],"version-history":[{"count":1,"href":"http:\/\/www.pcpr.powiat-skierniewice.pl\/index.php\/wp-json\/wp\/v2\/pages\/384\/revisions"}],"predecessor-version":[{"id":386,"href":"http:\/\/www.pcpr.powiat-skierniewice.pl\/index.php\/wp-json\/wp\/v2\/pages\/384\/revisions\/386"}],"wp:attachment":[{"href":"http:\/\/www.pcpr.powiat-skierniewice.pl\/index.php\/wp-json\/wp\/v2\/media?parent=384"}],"curies":[{"name":"wp","href":"https:\/\/api.w.org\/{rel}","templated":true}]}}